{"id":16,"date":"2019-01-07T16:52:37","date_gmt":"2019-01-07T15:52:37","guid":{"rendered":"https:\/\/spd-sonsbeck.de\/?page_id=16"},"modified":"2025-05-27T18:13:10","modified_gmt":"2025-05-27T16:13:10","slug":"willkommen-auf-der-seite","status":"publish","type":"page","link":"https:\/\/spd-sonsbeck.de\/?page_id=16","title":{"rendered":"Herzlich willkommen bei der SPD in Sonsbeck"},"content":{"rendered":"<div class=\"wp-block-image\">\n<figure class=\"alignright size-medium is-resized\"><img loading=\"lazy\" decoding=\"async\" width=\"300\" height=\"300\" src=\"https:\/\/spd-sonsbeck.de\/wp-content\/uploads\/2019\/01\/spd_sonsbeck_logo-300x300.jpg\" alt=\"SPD Sonsbeck Logo\" class=\"wp-image-8\" style=\"width:132px;height:132px\" srcset=\"https:\/\/spd-sonsbeck.de\/wp-content\/uploads\/2019\/01\/spd_sonsbeck_logo-300x300.jpg 300w, https:\/\/spd-sonsbeck.de\/wp-content\/uploads\/2019\/01\/spd_sonsbeck_logo-150x150.jpg 150w, https:\/\/spd-sonsbeck.de\/wp-content\/uploads\/2019\/01\/spd_sonsbeck_logo-768x768.jpg 768w, https:\/\/spd-sonsbeck.de\/wp-content\/uploads\/2019\/01\/spd_sonsbeck_logo-1024x1024.jpg 1024w, https:\/\/spd-sonsbeck.de\/wp-content\/uploads\/2019\/01\/spd_sonsbeck_logo-863x863.jpg 863w, https:\/\/spd-sonsbeck.de\/wp-content\/uploads\/2019\/01\/spd_sonsbeck_logo-108x108.jpg 108w, https:\/\/spd-sonsbeck.de\/wp-content\/uploads\/2019\/01\/spd_sonsbeck_logo.jpg 1969w\" sizes=\"auto, (max-width: 300px) 100vw, 300px\" \/><\/figure>\n<\/div>\n\n\n<p>Liebe Mitb\u00fcrgerinnen und Mitb\u00fcrger,<\/p>\n\n\n\n<p>wir begr\u00fc\u00dfen Sie sehr herzlich auf der Internetseite des SPD Ortsvereins Sonsbeck.<\/p>\n\n\n\n<p>Wir freuen uns, dass Sie unsere\nHomepage besuchen!<\/p>\n\n\n\n<p>Hier erhalten Sie Infos zu unserer SPD vor Ort und unserer politischen Arbeit.<\/p>\n\n\n\n<p>Seit November 2023 ist unsere fr\u00fchere Vorsitzende Nadine Bogedain B\u00fcrgermeisterin in unserem wundersch\u00f6nen Sonsbeck. <\/p>\n\n\n\n<p>Weiter sind wir sehr froh, mit Ren\u00e9 Schneider einen Landtagsabgeordneten in D\u00fcsseldorf zu haben, der sich in der Landespolitik auch besonders f\u00fcr unsere Sonsbecker Interessen mit ganzem Herzen einsetzt. Sicher haben Sie ihn auch schon bei der ein oder anderen Veranstaltung erlebt, denn Ren\u00e9 ist wirklich oft hier vor Ort und informiert sich \u00fcber die aktuellen Geschehnisse.<\/p>\n\n\n\n<p>Falls Sie ihn und unsere B\u00fcrgermeisterin sowie unser Team noch nicht pers\u00f6nlich kennenlernen konnten, kommen Sie doch gern mal zu unseren Veranstaltungen, die wir gemeinsam durchf\u00fchren, z. B. unsere Wanderungen oder Stammtische.<\/p>\n\n\n\n<p>Informieren Sie sich auch gern auf unserer Facebook- oder Instagram-Seite \u00fcber unsere Arbeit oder sprechen Sie uns einfach pers\u00f6nlich an!<\/p>\n\n\n\n<p>Mit den besten W\u00fcnschen <\/p>\n\n\n\n<p>f\u00fcr die SPD in Sonsbeck<\/p>\n\n\n\n<p>Ihre Silvana Santoro<\/p>\n\n\n\n<figure class=\"wp-block-image size-full is-resized\"><img loading=\"lazy\" decoding=\"async\" width=\"818\" height=\"912\" src=\"https:\/\/spd-sonsbeck.de\/wp-content\/uploads\/2025\/05\/silvana-1.jpeg\" alt=\"\" class=\"wp-image-720\" style=\"width:193px;height:auto\" srcset=\"https:\/\/spd-sonsbeck.de\/wp-content\/uploads\/2025\/05\/silvana-1.jpeg 818w, https:\/\/spd-sonsbeck.de\/wp-content\/uploads\/2025\/05\/silvana-1-269x300.jpeg 269w, https:\/\/spd-sonsbeck.de\/wp-content\/uploads\/2025\/05\/silvana-1-768x856.jpeg 768w, https:\/\/spd-sonsbeck.de\/wp-content\/uploads\/2025\/05\/silvana-1-97x108.jpeg 97w\" sizes=\"auto, (max-width: 818px) 100vw, 818px\" \/><\/figure>\n\n\n\n<p>Vorsitzende<\/p>\n\n\n\n<p><\/p>\n\n\n\n<p><\/p>\n\n\n\n<figure class=\"wp-block-image size-large\"><img loading=\"lazy\" decoding=\"async\" width=\"1024\" height=\"1024\" src=\"https:\/\/spd-sonsbeck.de\/wp-content\/uploads\/2025\/05\/nadine-sieg-1024x1024.jpg\" alt=\"\" class=\"wp-image-719\" srcset=\"https:\/\/spd-sonsbeck.de\/wp-content\/uploads\/2025\/05\/nadine-sieg-1024x1024.jpg 1024w, https:\/\/spd-sonsbeck.de\/wp-content\/uploads\/2025\/05\/nadine-sieg-300x300.jpg 300w, https:\/\/spd-sonsbeck.de\/wp-content\/uploads\/2025\/05\/nadine-sieg-150x150.jpg 150w, https:\/\/spd-sonsbeck.de\/wp-content\/uploads\/2025\/05\/nadine-sieg-768x768.jpg 768w, https:\/\/spd-sonsbeck.de\/wp-content\/uploads\/2025\/05\/nadine-sieg-1536x1536.jpg 1536w, https:\/\/spd-sonsbeck.de\/wp-content\/uploads\/2025\/05\/nadine-sieg-863x863.jpg 863w, https:\/\/spd-sonsbeck.de\/wp-content\/uploads\/2025\/05\/nadine-sieg-108x108.jpg 108w, https:\/\/spd-sonsbeck.de\/wp-content\/uploads\/2025\/05\/nadine-sieg.jpg 1600w\" sizes=\"auto, (max-width: 1024px) 100vw, 1024px\" \/><\/figure>\n\n\n\n<figure class=\"wp-block-gallery has-nested-images columns-default is-cropped wp-block-gallery-1 is-layout-flex wp-block-gallery-is-layout-flex\">\n<figure class=\"wp-block-image size-thumbnail\"><img loading=\"lazy\" decoding=\"async\" width=\"768\" height=\"1024\" data-id=\"638\" src=\"https:\/\/spd-sonsbeck.de\/wp-content\/uploads\/2022\/03\/IMG_1685-768x1024.jpg\" alt=\"\" class=\"wp-image-638\" srcset=\"https:\/\/spd-sonsbeck.de\/wp-content\/uploads\/2022\/03\/IMG_1685-768x1024.jpg 768w, https:\/\/spd-sonsbeck.de\/wp-content\/uploads\/2022\/03\/IMG_1685-225x300.jpg 225w, https:\/\/spd-sonsbeck.de\/wp-content\/uploads\/2022\/03\/IMG_1685-863x1151.jpg 863w, https:\/\/spd-sonsbeck.de\/wp-content\/uploads\/2022\/03\/IMG_1685-81x108.jpg 81w, https:\/\/spd-sonsbeck.de\/wp-content\/uploads\/2022\/03\/IMG_1685.jpg 1080w\" sizes=\"auto, (max-width: 768px) 100vw, 768px\" \/><figcaption class=\"wp-element-caption\">SV Sonsbeck &#8211; Fu\u00dfball &#8211; Sponsorentag<\/figcaption><\/figure>\n\n\n\n<figure class=\"wp-block-image size-thumbnail\"><img loading=\"lazy\" decoding=\"async\" width=\"768\" height=\"1024\" data-id=\"640\" src=\"https:\/\/spd-sonsbeck.de\/wp-content\/uploads\/2022\/03\/IMG_1679-768x1024.jpg\" alt=\"\" class=\"wp-image-640\" srcset=\"https:\/\/spd-sonsbeck.de\/wp-content\/uploads\/2022\/03\/IMG_1679-768x1024.jpg 768w, https:\/\/spd-sonsbeck.de\/wp-content\/uploads\/2022\/03\/IMG_1679-225x300.jpg 225w, https:\/\/spd-sonsbeck.de\/wp-content\/uploads\/2022\/03\/IMG_1679-1152x1536.jpg 1152w, https:\/\/spd-sonsbeck.de\/wp-content\/uploads\/2022\/03\/IMG_1679-1536x2048.jpg 1536w, https:\/\/spd-sonsbeck.de\/wp-content\/uploads\/2022\/03\/IMG_1679-863x1151.jpg 863w, https:\/\/spd-sonsbeck.de\/wp-content\/uploads\/2022\/03\/IMG_1679-81x108.jpg 81w, https:\/\/spd-sonsbeck.de\/wp-content\/uploads\/2022\/03\/IMG_1679-scaled.jpg 1920w\" sizes=\"auto, (max-width: 768px) 100vw, 768px\" \/><figcaption class=\"wp-element-caption\">Leichtathletik &#8211; SV Sonsbeck- Fr\u00fchjahrswaldlauf<\/figcaption><\/figure>\n\n\n\n<figure class=\"wp-block-image size-full is-style-default\"><img loading=\"lazy\" decoding=\"async\" width=\"484\" height=\"501\" data-id=\"641\" src=\"https:\/\/spd-sonsbeck.de\/wp-content\/uploads\/2022\/03\/IMG_1747-1.jpg\" alt=\"\" class=\"wp-image-641\" srcset=\"https:\/\/spd-sonsbeck.de\/wp-content\/uploads\/2022\/03\/IMG_1747-1.jpg 484w, https:\/\/spd-sonsbeck.de\/wp-content\/uploads\/2022\/03\/IMG_1747-1-290x300.jpg 290w, https:\/\/spd-sonsbeck.de\/wp-content\/uploads\/2022\/03\/IMG_1747-1-104x108.jpg 104w\" sizes=\"auto, (max-width: 484px) 100vw, 484px\" \/><figcaption class=\"wp-element-caption\">Besuch Caritas Tagespflege<\/figcaption><\/figure>\n\n\n\n<figure class=\"wp-block-image size-large\"><img loading=\"lazy\" decoding=\"async\" width=\"768\" height=\"1024\" data-id=\"643\" src=\"https:\/\/spd-sonsbeck.de\/wp-content\/uploads\/2022\/03\/IMG_1772-768x1024.jpg\" alt=\"\" class=\"wp-image-643\" srcset=\"https:\/\/spd-sonsbeck.de\/wp-content\/uploads\/2022\/03\/IMG_1772-768x1024.jpg 768w, https:\/\/spd-sonsbeck.de\/wp-content\/uploads\/2022\/03\/IMG_1772-225x300.jpg 225w, https:\/\/spd-sonsbeck.de\/wp-content\/uploads\/2022\/03\/IMG_1772-1152x1536.jpg 1152w, https:\/\/spd-sonsbeck.de\/wp-content\/uploads\/2022\/03\/IMG_1772-1536x2048.jpg 1536w, https:\/\/spd-sonsbeck.de\/wp-content\/uploads\/2022\/03\/IMG_1772-863x1151.jpg 863w, https:\/\/spd-sonsbeck.de\/wp-content\/uploads\/2022\/03\/IMG_1772-81x108.jpg 81w, https:\/\/spd-sonsbeck.de\/wp-content\/uploads\/2022\/03\/IMG_1772-scaled.jpg 1920w\" sizes=\"auto, (max-width: 768px) 100vw, 768px\" \/><figcaption class=\"wp-element-caption\">Dorfaktionstag<\/figcaption><\/figure>\n<\/figure>\n","protected":false},"excerpt":{"rendered":"<p>Liebe Mitb\u00fcrgerinnen und Mitb\u00fcrger, wir begr\u00fc\u00dfen Sie sehr herzlich auf der Internetseite des SPD Ortsvereins Sonsbeck. Wir freuen uns, dass Sie unsere Homepage besuchen! Hier erhalten Sie Infos zu unserer &hellip; <a href=\"https:\/\/spd-sonsbeck.de\/?page_id=16\" class=\"more-link\"><span class=\"screen-reader-text\">Herzlich willkommen bei der SPD in Sonsbeck<\/span> weiterlesen<\/a><\/p>\n","protected":false},"author":6,"featured_media":0,"parent":0,"menu_order":0,"comment_status":"closed","ping_status":"closed","template":"","meta":{"footnotes":""},"class_list":["post-16","page","type-page","status-publish","hentry"],"_links":{"self":[{"href":"https:\/\/spd-sonsbeck.de\/index.php?rest_route=\/wp\/v2\/pages\/16","targetHints":{"allow":["GET"]}}],"collection":[{"href":"https:\/\/spd-sonsbeck.de\/index.php?rest_route=\/wp\/v2\/pages"}],"about":[{"href":"https:\/\/spd-sonsbeck.de\/index.php?rest_route=\/wp\/v2\/types\/page"}],"author":[{"embeddable":true,"href":"https:\/\/spd-sonsbeck.de\/index.php?rest_route=\/wp\/v2\/users\/6"}],"replies":[{"embeddable":true,"href":"https:\/\/spd-sonsbeck.de\/index.php?rest_route=%2Fwp%2Fv2%2Fcomments&post=16"}],"version-history":[{"count":27,"href":"https:\/\/spd-sonsbeck.de\/index.php?rest_route=\/wp\/v2\/pages\/16\/revisions"}],"predecessor-version":[{"id":723,"href":"https:\/\/spd-sonsbeck.de\/index.php?rest_route=\/wp\/v2\/pages\/16\/revisions\/723"}],"wp:attachment":[{"href":"https:\/\/spd-sonsbeck.de\/index.php?rest_route=%2Fwp%2Fv2%2Fmedia&parent=16"}],"curies":[{"name":"wp","href":"https:\/\/api.w.org\/{rel}","templated":true}]}}