{"id":65,"date":"2019-01-08T14:49:39","date_gmt":"2019-01-08T13:49:39","guid":{"rendered":"https:\/\/spd-sonsbeck.de\/?page_id=65"},"modified":"2019-01-08T14:49:39","modified_gmt":"2019-01-08T13:49:39","slug":"die-fraktion-im-rat","status":"publish","type":"page","link":"https:\/\/spd-sonsbeck.de\/?page_id=65","title":{"rendered":"Die Fraktion im Rat"},"content":{"rendered":"\n<div class=\"tmm tmm_fraktion\"><div class=\"tmm_1_columns tmm_wrap tmm_theme_f\"><span class=\"tmm_two_containers_tablet\"><\/span><div class=\"tmm_container\"><div class=\"tmm_member\" style=\"border-top:#dd3333 solid 5px;\"><div class=\"tmm_photo tmm_pic_fraktion_0\" style=\"background: url(https:\/\/spd-sonsbeck.de\/wp-content\/uploads\/2020\/11\/Christ_Weidinger_2020.jpg); margin-left: auto; margin-right:auto; background-size:cover !important;\"><\/div><div class=\"tmm_textblock\"><div class=\"tmm_names\"><span class=\"tmm_fname\">Christa<\/span> <span class=\"tmm_lname\">Weidinger<\/span><\/div><div class=\"tmm_job\">Fraktionsvorsitzende<\/div><div class=\"tmm_scblock\"><a class=\"tmm_sociallink\" href=\"mailto:fr&#097;k&#116;io&#110;&#115;&#118;or&#115;it&#122;&#064;&#115;p&#100;&#045;&#115;o&#110;sbe&#099;&#107;.&#100;e\" title=\"Vorsitzende\"><img decoding=\"async\" alt=\"Vorsitzende\" src=\"https:\/\/spd-sonsbeck.de\/wp-content\/plugins\/team-members\/inc\/img\/links\/email.png\"\/><\/a><a class=\"tmm_sociallink\" href=\"mailto:f&#114;&#097;&#107;tion&#064;s&#112;&#100;-so&#110;&#115;&#098;&#101;ck&#046;de\" title=\"Fraktion\"><img decoding=\"async\" alt=\"Fraktion\" src=\"https:\/\/spd-sonsbeck.de\/wp-content\/plugins\/team-members\/inc\/img\/links\/email.png\"\/><\/a><\/div><\/div><\/div><\/div><span class=\"tmm_columns_containers_desktop\"><\/span><div class=\"tmm_container\"><div class=\"tmm_member\" style=\"border-top:#dd3333 solid 5px;\"><div class=\"tmm_photo tmm_pic_fraktion_1\" style=\"background: url(https:\/\/spd-sonsbeck.de\/wp-content\/uploads\/2020\/11\/Robert_Reters_2020.jpg); margin-left: auto; margin-right:auto; background-size:cover !important;\"><\/div><div class=\"tmm_textblock\"><div class=\"tmm_names\"><span class=\"tmm_fname\">Dr. Robert<\/span> <span class=\"tmm_lname\">Peters<\/span><\/div><div class=\"tmm_job\">stellvertretender Fraktionsvorsitzender<\/div><div class=\"tmm_scblock\"><a class=\"tmm_sociallink\" href=\"mailto:&#102;&#114;&#097;k&#116;i&#111;&#110;svo&#114;si&#116;&#122;&#064;spd-&#115;&#111;n&#115;&#098;e&#099;&#107;&#046;&#100;e\" title=\"Vorsitz\"><img decoding=\"async\" alt=\"Vorsitz\" src=\"https:\/\/spd-sonsbeck.de\/wp-content\/plugins\/team-members\/inc\/img\/links\/email.png\"\/><\/a><a class=\"tmm_sociallink\" href=\"mailto:&#102;ra&#107;&#116;i&#111;&#110;&#064;sp&#100;-&#115;o&#110;sb&#101;&#099;&#107;&#046;&#100;e\" title=\"Fraktion\"><img decoding=\"async\" alt=\"Fraktion\" src=\"https:\/\/spd-sonsbeck.de\/wp-content\/plugins\/team-members\/inc\/img\/links\/email.png\"\/><\/a><\/div><\/div><\/div><span class=\"tmm_two_containers_tablet\"><\/span><\/div><span class=\"tmm_columns_containers_desktop\"><\/span><div class=\"tmm_container\"><div class=\"tmm_member\" style=\"border-top:#dd3333 solid 5px;\"><div class=\"tmm_photo tmm_pic_fraktion_2\" style=\"background: url(https:\/\/spd-sonsbeck.de\/wp-content\/uploads\/2020\/11\/Marc-Marius_Baumgardt_2020.jpg); margin-left: auto; margin-right:auto; background-size:cover !important;\"><\/div><div class=\"tmm_textblock\"><div class=\"tmm_names\"><span class=\"tmm_fname\">Marc-Marius<\/span> <span class=\"tmm_lname\">Baumgart<\/span><\/div><div class=\"tmm_job\">Ratsmitglied und zweiter stv. B\u00fcrgermeister<\/div><div class=\"tmm_scblock\"><a class=\"tmm_sociallink\" href=\"mailto:&#102;r&#097;kt&#105;on&#064;&#115;p&#100;-&#115;o&#110;&#115;&#098;e&#099;&#107;.&#100;&#101;\" title=\"Fraktion\"><img decoding=\"async\" alt=\"Fraktion\" src=\"https:\/\/spd-sonsbeck.de\/wp-content\/plugins\/team-members\/inc\/img\/links\/email.png\"\/><\/a><\/div><\/div><\/div><\/div><span class=\"tmm_columns_containers_desktop\"><\/span><div class=\"tmm_container\"><div class=\"tmm_member\" style=\"border-top:#dd3333 solid 5px;\"><div class=\"tmm_photo tmm_pic_fraktion_3\" style=\"background: url(https:\/\/spd-sonsbeck.de\/wp-content\/uploads\/2020\/11\/Denis_Beckovic_2020.jpg); margin-left: auto; margin-right:auto; background-size:cover !important;\"><\/div><div class=\"tmm_textblock\"><div class=\"tmm_names\"><span class=\"tmm_fname\">Denis<\/span> <span class=\"tmm_lname\">Beckovic<\/span><\/div><div class=\"tmm_job\">Sachkundiger B\u00fcrger<\/div><div class=\"tmm_desc\" style=\"text-align:justify\"><p style=\"text-align: center\">Ausschuss f\u00fcr Bauen, Planen, Gemeindeentwicklung und Digitalisierung<\/p><\/div><div class=\"tmm_scblock\"><\/div><\/div><\/div><span class=\"tmm_two_containers_tablet\"><\/span><\/div><span class=\"tmm_columns_containers_desktop\"><\/span><div class=\"tmm_container\"><div class=\"tmm_member\" style=\"border-top:#dd3333 solid 5px;\"><div class=\"tmm_photo tmm_pic_fraktion_4\" style=\"background: url(https:\/\/spd-sonsbeck.de\/wp-content\/uploads\/2020\/02\/PHOTO-2020-02-01-12-15-27-1.jpg); margin-left: auto; margin-right:auto; background-size:cover !important;\"><\/div><div class=\"tmm_textblock\"><div class=\"tmm_names\"><span class=\"tmm_fname\">Silvana <\/span> <span class=\"tmm_lname\">Santoro<\/span><\/div><div class=\"tmm_job\">Sachkundige B\u00fcrgerin<\/div><div class=\"tmm_desc\" style=\"text-align:justify\"><p style=\"text-align: center\">Ausschuss f\u00fcr \u00f6ffentliche Einrichtungen, Verkehr, \u00f6ffentliche Sicherheit und Soziales<\/p><\/div><div class=\"tmm_scblock\"><a class=\"tmm_sociallink\" href=\"mailto:frakt&#105;on&#064;s&#112;d&#045;s&#111;nsbe&#099;&#107;.&#100;&#101;\" title=\"Fraktion\"><img decoding=\"async\" alt=\"Fraktion\" src=\"https:\/\/spd-sonsbeck.de\/wp-content\/plugins\/team-members\/inc\/img\/links\/email.png\"\/><\/a><\/div><\/div><\/div><\/div><span class=\"tmm_columns_containers_desktop\"><\/span><div class=\"tmm_container\"><div class=\"tmm_member\" style=\"border-top:#dd3333 solid 5px;\"><div class=\"tmm_photo tmm_pic_fraktion_5\" style=\"background: url(https:\/\/spd-sonsbeck.de\/wp-content\/uploads\/2020\/11\/Benjamin_Steinbrink_2020.jpg); margin-left: auto; margin-right:auto; background-size:cover !important;\"><\/div><div class=\"tmm_textblock\"><div class=\"tmm_names\"><span class=\"tmm_fname\">Benjamin<\/span> <span class=\"tmm_lname\">Steinbring<\/span><\/div><div class=\"tmm_job\">Sachkundiger B\u00fcrger<\/div><div class=\"tmm_desc\" style=\"text-align:justify\"><p style=\"text-align: center\">Ortsausschuss Sonsbeck<\/p><\/div><div class=\"tmm_scblock\"><\/div><\/div><\/div><span class=\"tmm_two_containers_tablet\"><\/span><\/div><span class=\"tmm_columns_containers_desktop\"><\/span><div class=\"tmm_container\"><div class=\"tmm_member\" style=\"border-top:#dd3333 solid 5px;\"><div class=\"tmm_photo tmm_pic_fraktion_6\" style=\"background: url(https:\/\/spd-sonsbeck.de\/wp-content\/uploads\/2020\/11\/Annika_Fromont_2020.jpg); margin-left: auto; margin-right:auto; background-size:cover !important;\"><\/div><div class=\"tmm_textblock\"><div class=\"tmm_names\"><span class=\"tmm_fname\">Annika<\/span> <span class=\"tmm_lname\">Fromont<\/span><\/div><div class=\"tmm_job\">Sachkundige B\u00fcrgerin<\/div><div class=\"tmm_desc\" style=\"text-align:justify\"><p style=\"text-align: center\">Stellvertreterin f\u00fcr den Ausschuss Schule, Jugend, Sport und Kultur<\/p><\/div><div class=\"tmm_scblock\"><\/div><\/div><\/div><div style=\"clear:both;\"><\/div><\/div><\/div><\/div>\n","protected":false},"excerpt":{"rendered":"","protected":false},"author":2,"featured_media":0,"parent":0,"menu_order":0,"comment_status":"closed","ping_status":"closed","template":"","meta":{"footnotes":""},"class_list":["post-65","page","type-page","status-publish","hentry"],"_links":{"self":[{"href":"https:\/\/spd-sonsbeck.de\/index.php?rest_route=\/wp\/v2\/pages\/65","targetHints":{"allow":["GET"]}}],"collection":[{"href":"https:\/\/spd-sonsbeck.de\/index.php?rest_route=\/wp\/v2\/pages"}],"about":[{"href":"https:\/\/spd-sonsbeck.de\/index.php?rest_route=\/wp\/v2\/types\/page"}],"author":[{"embeddable":true,"href":"https:\/\/spd-sonsbeck.de\/index.php?rest_route=\/wp\/v2\/users\/2"}],"replies":[{"embeddable":true,"href":"https:\/\/spd-sonsbeck.de\/index.php?rest_route=%2Fwp%2Fv2%2Fcomments&post=65"}],"version-history":[{"count":1,"href":"https:\/\/spd-sonsbeck.de\/index.php?rest_route=\/wp\/v2\/pages\/65\/revisions"}],"predecessor-version":[{"id":66,"href":"https:\/\/spd-sonsbeck.de\/index.php?rest_route=\/wp\/v2\/pages\/65\/revisions\/66"}],"wp:attachment":[{"href":"https:\/\/spd-sonsbeck.de\/index.php?rest_route=%2Fwp%2Fv2%2Fmedia&parent=65"}],"curies":[{"name":"wp","href":"https:\/\/api.w.org\/{rel}","templated":true}]}}