{"id":73,"date":"2019-01-10T15:44:57","date_gmt":"2019-01-10T14:44:57","guid":{"rendered":"https:\/\/spd-sonsbeck.de\/?page_id=73"},"modified":"2019-09-26T16:04:16","modified_gmt":"2019-09-26T14:04:16","slug":"impressum","status":"publish","type":"page","link":"https:\/\/spd-sonsbeck.de\/?page_id=73","title":{"rendered":"Impressum"},"content":{"rendered":"\n<h3 class=\"wp-block-heading\">Angaben gem\u00e4\u00df \u00a7 5 TMG:<\/h3>\n\n\n\n<p>Sozialdemokratische Partei Deutschlands (SPD) Ortsverein Sonsbeck<br>vertreten durch die Vorsitzende                                                                       Nadine Bogedain<br>Weberstra\u00dfe 14<br>47665 Sonsbeck<br>E-Mail: <a href=\"mailto:vorsitz@spd-sonsbeck.de\">vorsitz@spd-sonsbeck.de<\/a><\/p>\n\n\n\n<h3 class=\"wp-block-heading\">Verantwortlich f\u00fcr den Inhalt nach \u00a7 55 Abs. 2 RStV:<\/h3>\n\n\n\n<p>Sozialdemokratische Partei Deutschlands (SPD) Ortsverein Sonsbeck<br> vertreten durch die Vorsitzende                                                                                                  Nadine Bogedain <br>Weberstra\u00dfe 14<br>47665 Sonsbeck<\/p>\n\n\n\n<p>Datenschutzbeauftragter:<\/p>\n\n\n\n<p>Achim Temme<br>Wilskamp 82<br>46509 Xanten                                                                                                                      E-Mail: <a href=\"mailto:administrator@spd-sonsbeck.de\">administrator@spd-sonsbeck.de<\/a><\/p>\n\n\n\n<h3 class=\"wp-block-heading\"><strong>Vereinszweck:<\/strong><\/h3>\n\n\n\n<p>Politische Bildung und Information<\/p>\n\n\n\n<p>Diese Seite wurde und wird mit gr\u00f6\u00dftm\u00f6glicher Sorgfalt erstellt und gepflegt. Trotzdem k\u00f6nnen wir keine Gew\u00e4hr f\u00fcr die Richtigkeit und Aktualit\u00e4t der Inhalte \u00fcbernehmen. Ein Vertragsverh\u00e4ltnis zwischen Nutzer und Anbieter kommt nicht zustande.  <\/p>\n\n\n\n<p>Alle Texte und Bilder sind Urheberrechtlich gesch\u00fctzt. Eine Verwendung in jeglicher anderer Form als auf dieser Webseite bed\u00fcrfen einer schriftlichen Zustimmung des Eigent\u00fcmers. Eine private bzw. pers\u00f6nliche Verwendung wird zugelassen.<\/p>\n\n\n\n<p>Sollten Inhalte vorhanden sein deren Quelle unbekannt ist, so bitten wir den Urheber sich zu melden damit eine Richtigstellung erfolgen kann.<\/p>\n\n\n\n<p>Eine Darstellung dieser Website in nicht autorisierten Frames ist nicht zul\u00e4ssig<\/p>\n\n\n\n<p>Informationen \u00fcber die Behandlung von personenbezogene Daten finden unter &#8222;<strong>Datenschutzerkl\u00e4rung<\/strong>&#8222;.<br><\/p>\n","protected":false},"excerpt":{"rendered":"<p>Angaben gem\u00e4\u00df \u00a7 5 TMG: Sozialdemokratische Partei Deutschlands (SPD) Ortsverein Sonsbeckvertreten durch die Vorsitzende Nadine BogedainWeberstra\u00dfe 1447665 SonsbeckE-Mail: vorsitz@spd-sonsbeck.de Verantwortlich f\u00fcr den Inhalt nach \u00a7 55 Abs. 2 RStV: Sozialdemokratische &hellip; <a href=\"https:\/\/spd-sonsbeck.de\/?page_id=73\" class=\"more-link\"><span class=\"screen-reader-text\">Impressum<\/span> weiterlesen<\/a><\/p>\n","protected":false},"author":2,"featured_media":0,"parent":0,"menu_order":0,"comment_status":"closed","ping_status":"closed","template":"","meta":{"footnotes":""},"class_list":["post-73","page","type-page","status-publish","hentry"],"_links":{"self":[{"href":"https:\/\/spd-sonsbeck.de\/index.php?rest_route=\/wp\/v2\/pages\/73","targetHints":{"allow":["GET"]}}],"collection":[{"href":"https:\/\/spd-sonsbeck.de\/index.php?rest_route=\/wp\/v2\/pages"}],"about":[{"href":"https:\/\/spd-sonsbeck.de\/index.php?rest_route=\/wp\/v2\/types\/page"}],"author":[{"embeddable":true,"href":"https:\/\/spd-sonsbeck.de\/index.php?rest_route=\/wp\/v2\/users\/2"}],"replies":[{"embeddable":true,"href":"https:\/\/spd-sonsbeck.de\/index.php?rest_route=%2Fwp%2Fv2%2Fcomments&post=73"}],"version-history":[{"count":9,"href":"https:\/\/spd-sonsbeck.de\/index.php?rest_route=\/wp\/v2\/pages\/73\/revisions"}],"predecessor-version":[{"id":297,"href":"https:\/\/spd-sonsbeck.de\/index.php?rest_route=\/wp\/v2\/pages\/73\/revisions\/297"}],"wp:attachment":[{"href":"https:\/\/spd-sonsbeck.de\/index.php?rest_route=%2Fwp%2Fv2%2Fmedia&parent=73"}],"curies":[{"name":"wp","href":"https:\/\/api.w.org\/{rel}","templated":true}]}}